{"id":2,"date":"2020-10-27T19:07:36","date_gmt":"2020-10-27T18:07:36","guid":{"rendered":"http:\/\/zwetschgamo.bplaced.net\/wordpress-5.5.1-de_DE\/wordpress\/?page_id=2"},"modified":"2023-12-22T21:10:37","modified_gmt":"2023-12-22T20:10:37","slug":"beispiel-seite","status":"publish","type":"page","link":"http:\/\/zwetschgamo.bplaced.net\/?page_id=2","title":{"rendered":"\u00dcber uns"},"content":{"rendered":"\n<p class=\"has-text-align-center has-primary-color has-subtle-background-background-color has-text-color has-background has-larger-font-size\"><strong><span class=\"has-inline-color has-primary-color\">Familientradition seit 1900<\/span><\/strong><\/p>\n\n\n\n<p><\/p>\n\n\n\n<p class=\"has-secondary-color has-text-color\">Seit 2002 setzen wir, die Familie Schr\u00f6del in liebevoller Handarbeit die Familientradition fort, die seit 1900 besteht. Es gibt nicht mehr viele St\u00e4nde auf dem N\u00fcrnberger Christkindlesmarkt die, die urigen Zwetschgenm\u00e4nnla selbst herstellen.<\/p>\n\n\n\n<p class=\"has-secondary-color has-text-color\"><br>Wir stellen alles selbst her, die bemalten Gesichter, die schicken Kleidchen und vieles mehr und das bereits in der 5. Generation, auch die 6. Generation ist bereit auf der Welt und wird diese Tradition hoffentlich weiterf\u00fchren. Unsere T\u00f6chter und deren M\u00e4nnern unterst\u00fctzen uns jedes Jahr tatkr\u00e4ftig bei den Vorbereitungen, wir sind ein toller kleiner Familienbetrieb und helfen uns gegenseitig, wo wir nur k\u00f6nnen.<\/p>\n\n\n\n<p class=\"has-secondary-color has-text-color\"><br>Ab Januar geht es los mit den Kleinarbeiten und ab September wird dann richtig Hand angelegt und die Zwetschgenm\u00e4nnla werden zusammengesteckt und fertig gemacht f\u00fcr den N\u00fcrnberger Christkindlesmarkt. Dort verkaufen wir die \u201eOriginal N\u00fcrnberger \u2013 Zwetschgenm\u00e4nnla\u201c. Wir haben dort zwei St\u00e4nde, Stand Nr. 89 an der Krippe und Stand 144 am Sch\u00f6nen Brunnen.<\/p>\n\n\n\n<p class=\"has-secondary-color has-text-color\"><br>Wir haben rund 130 verschiedene Sorten von unseren Weibla und M\u00e4nnla, von den Klassischen N\u00fcrnberger Zwetschgenm\u00e4nnla bis hin zum Motorradfahrer oder unsere vielen verschiedenen Berufe wie z.B. einen Schreiner, Dachdecker und viele mehr. Keines unserer Zwetschgenm\u00e4nnla ist gleich jedes ist anders und einzigartig! Wenn es uns m\u00f6glich ist fertigen wir auch Sonderw\u00fcnsche an.<\/p>\n\n\n\n<p class=\"has-secondary-color has-text-color\">Wir freuen uns auf jeden Auftrag.<br>Eure Familie Schr\u00f6del mit ihren Helfern<\/p>\n\n\n\n<figure class=\"wp-block-image size-large is-style-default\"><img loading=\"lazy\" width=\"960\" height=\"568\" src=\"http:\/\/zwetschgamo.bplaced.net\/wordpress-5.5.1-de_DE\/wordpress\/wp-content\/uploads\/2020\/11\/78649482_2692645904160973_5716895903869042688_n.jpg\" alt=\"\" class=\"wp-image-62\" srcset=\"http:\/\/zwetschgamo.bplaced.net\/wordpress-5.5.1-de_DE\/wordpress\/wp-content\/uploads\/2020\/11\/78649482_2692645904160973_5716895903869042688_n.jpg 960w, http:\/\/zwetschgamo.bplaced.net\/wordpress-5.5.1-de_DE\/wordpress\/wp-content\/uploads\/2020\/11\/78649482_2692645904160973_5716895903869042688_n-300x178.jpg 300w, http:\/\/zwetschgamo.bplaced.net\/wordpress-5.5.1-de_DE\/wordpress\/wp-content\/uploads\/2020\/11\/78649482_2692645904160973_5716895903869042688_n-768x454.jpg 768w, http:\/\/zwetschgamo.bplaced.net\/wordpress-5.5.1-de_DE\/wordpress\/wp-content\/uploads\/2020\/11\/78649482_2692645904160973_5716895903869042688_n-600x355.jpg 600w\" sizes=\"(max-width: 960px) 100vw, 960px\" \/><\/figure>\n","protected":false},"excerpt":{"rendered":"<p>Familientradition seit 1900 Seit 2002 setzen wir, die Familie Schr\u00f6del in liebevoller Handarbeit die Familientradition fort, die seit 1900 besteht. Es gibt nicht mehr viele St\u00e4nde auf dem N\u00fcrnberger Christkindlesmarkt die, die urigen Zwetschgenm\u00e4nnla selbst herstellen. Wir stellen alles selbst her, die bemalten Gesichter, die schicken Kleidchen und vieles mehr und das bereits in der [&hellip;]<\/p>\n","protected":false},"author":1,"featured_media":0,"parent":0,"menu_order":2,"comment_status":"closed","ping_status":"closed","template":"","meta":[],"_links":{"self":[{"href":"http:\/\/zwetschgamo.bplaced.net\/index.php?rest_route=\/wp\/v2\/pages\/2"}],"collection":[{"href":"http:\/\/zwetschgamo.bplaced.net\/index.php?rest_route=\/wp\/v2\/pages"}],"about":[{"href":"http:\/\/zwetschgamo.bplaced.net\/index.php?rest_route=\/wp\/v2\/types\/page"}],"author":[{"embeddable":true,"href":"http:\/\/zwetschgamo.bplaced.net\/index.php?rest_route=\/wp\/v2\/users\/1"}],"replies":[{"embeddable":true,"href":"http:\/\/zwetschgamo.bplaced.net\/index.php?rest_route=%2Fwp%2Fv2%2Fcomments&post=2"}],"version-history":[{"count":5,"href":"http:\/\/zwetschgamo.bplaced.net\/index.php?rest_route=\/wp\/v2\/pages\/2\/revisions"}],"predecessor-version":[{"id":877,"href":"http:\/\/zwetschgamo.bplaced.net\/index.php?rest_route=\/wp\/v2\/pages\/2\/revisions\/877"}],"wp:attachment":[{"href":"http:\/\/zwetschgamo.bplaced.net\/index.php?rest_route=%2Fwp%2Fv2%2Fmedia&parent=2"}],"curies":[{"name":"wp","href":"https:\/\/api.w.org\/{rel}","templated":true}]}}