{"id":271,"date":"2020-11-23T15:43:20","date_gmt":"2020-11-23T14:43:20","guid":{"rendered":"http:\/\/zwetschgamo.bplaced.net\/wordpress-5.5.1-de_DE\/wordpress\/?post_type=product&#038;p=271"},"modified":"2026-01-19T19:51:31","modified_gmt":"2026-01-19T18:51:31","slug":"fahrrad-gross","status":"publish","type":"product","link":"http:\/\/zwetschgamo.bplaced.net\/?product=fahrrad-gross","title":{"rendered":"Fahrrad gro\u00df"},"content":{"rendered":"","protected":false},"excerpt":{"rendered":"<p>Gro\u00dfes M\u00e4nnla auf einem Fahrrad<\/p>\n","protected":false},"featured_media":138,"comment_status":"open","ping_status":"closed","template":"","meta":[],"_links":{"self":[{"href":"http:\/\/zwetschgamo.bplaced.net\/index.php?rest_route=\/wp\/v2\/product\/271"}],"collection":[{"href":"http:\/\/zwetschgamo.bplaced.net\/index.php?rest_route=\/wp\/v2\/product"}],"about":[{"href":"http:\/\/zwetschgamo.bplaced.net\/index.php?rest_route=\/wp\/v2\/types\/product"}],"replies":[{"embeddable":true,"href":"http:\/\/zwetschgamo.bplaced.net\/index.php?rest_route=%2Fwp%2Fv2%2Fcomments&post=271"}],"wp:featuredmedia":[{"embeddable":true,"href":"http:\/\/zwetschgamo.bplaced.net\/index.php?rest_route=\/wp\/v2\/media\/138"}],"wp:attachment":[{"href":"http:\/\/zwetschgamo.bplaced.net\/index.php?rest_route=%2Fwp%2Fv2%2Fmedia&parent=271"}],"curies":[{"name":"wp","href":"https:\/\/api.w.org\/{rel}","templated":true}]}}