{"id":273,"date":"2020-11-23T15:47:24","date_gmt":"2020-11-23T14:47:24","guid":{"rendered":"http:\/\/zwetschgamo.bplaced.net\/wordpress-5.5.1-de_DE\/wordpress\/?post_type=product&#038;p=273"},"modified":"2026-01-19T19:41:21","modified_gmt":"2026-01-19T18:41:21","slug":"fluegelspieler","status":"publish","type":"product","link":"http:\/\/zwetschgamo.bplaced.net\/?product=fluegelspieler","title":{"rendered":"Fl\u00fcgelspieler"},"content":{"rendered":"","protected":false},"excerpt":{"rendered":"<p>Fl\u00fcgelspieler mit Kerzenst\u00e4nder<\/p>\n","protected":false},"featured_media":141,"comment_status":"open","ping_status":"closed","template":"","meta":[],"_links":{"self":[{"href":"http:\/\/zwetschgamo.bplaced.net\/index.php?rest_route=\/wp\/v2\/product\/273"}],"collection":[{"href":"http:\/\/zwetschgamo.bplaced.net\/index.php?rest_route=\/wp\/v2\/product"}],"about":[{"href":"http:\/\/zwetschgamo.bplaced.net\/index.php?rest_route=\/wp\/v2\/types\/product"}],"replies":[{"embeddable":true,"href":"http:\/\/zwetschgamo.bplaced.net\/index.php?rest_route=%2Fwp%2Fv2%2Fcomments&post=273"}],"wp:featuredmedia":[{"embeddable":true,"href":"http:\/\/zwetschgamo.bplaced.net\/index.php?rest_route=\/wp\/v2\/media\/141"}],"wp:attachment":[{"href":"http:\/\/zwetschgamo.bplaced.net\/index.php?rest_route=%2Fwp%2Fv2%2Fmedia&parent=273"}],"curies":[{"name":"wp","href":"https:\/\/api.w.org\/{rel}","templated":true}]}}