{"id":274,"date":"2020-11-23T15:48:37","date_gmt":"2020-11-23T14:48:37","guid":{"rendered":"http:\/\/zwetschgamo.bplaced.net\/wordpress-5.5.1-de_DE\/wordpress\/?post_type=product&#038;p=274"},"modified":"2026-01-19T19:51:53","modified_gmt":"2026-01-19T18:51:53","slug":"fraenkischer-glueckspilz","status":"publish","type":"product","link":"http:\/\/zwetschgamo.bplaced.net\/?product=fraenkischer-glueckspilz","title":{"rendered":"Fr\u00e4nkischer Gl\u00fcckspilz"},"content":{"rendered":"","protected":false},"excerpt":{"rendered":"<p>Fr\u00e4nkischer Gl\u00fcckpilz als Gl\u00fcckssymbol<\/p>\n","protected":false},"featured_media":608,"comment_status":"open","ping_status":"closed","template":"","meta":[],"_links":{"self":[{"href":"http:\/\/zwetschgamo.bplaced.net\/index.php?rest_route=\/wp\/v2\/product\/274"}],"collection":[{"href":"http:\/\/zwetschgamo.bplaced.net\/index.php?rest_route=\/wp\/v2\/product"}],"about":[{"href":"http:\/\/zwetschgamo.bplaced.net\/index.php?rest_route=\/wp\/v2\/types\/product"}],"replies":[{"embeddable":true,"href":"http:\/\/zwetschgamo.bplaced.net\/index.php?rest_route=%2Fwp%2Fv2%2Fcomments&post=274"}],"wp:featuredmedia":[{"embeddable":true,"href":"http:\/\/zwetschgamo.bplaced.net\/index.php?rest_route=\/wp\/v2\/media\/608"}],"wp:attachment":[{"href":"http:\/\/zwetschgamo.bplaced.net\/index.php?rest_route=%2Fwp%2Fv2%2Fmedia&parent=274"}],"curies":[{"name":"wp","href":"https:\/\/api.w.org\/{rel}","templated":true}]}}