{"id":277,"date":"2020-11-23T15:54:23","date_gmt":"2020-11-23T14:54:23","guid":{"rendered":"http:\/\/zwetschgamo.bplaced.net\/wordpress-5.5.1-de_DE\/wordpress\/?post_type=product&#038;p=277"},"modified":"2026-01-19T19:52:17","modified_gmt":"2026-01-19T18:52:17","slug":"fussballer-gross","status":"publish","type":"product","link":"http:\/\/zwetschgamo.bplaced.net\/?product=fussballer-gross","title":{"rendered":"Fu\u00dfballer gro\u00df"},"content":{"rendered":"","protected":false},"excerpt":{"rendered":"<p>Gro\u00dfe Fu\u00dfballer 1.FC N\u00fcrnberg (Clubberer, Clubm\u00e4nnla)<\/p>\n","protected":false},"featured_media":129,"comment_status":"open","ping_status":"closed","template":"","meta":[],"_links":{"self":[{"href":"http:\/\/zwetschgamo.bplaced.net\/index.php?rest_route=\/wp\/v2\/product\/277"}],"collection":[{"href":"http:\/\/zwetschgamo.bplaced.net\/index.php?rest_route=\/wp\/v2\/product"}],"about":[{"href":"http:\/\/zwetschgamo.bplaced.net\/index.php?rest_route=\/wp\/v2\/types\/product"}],"replies":[{"embeddable":true,"href":"http:\/\/zwetschgamo.bplaced.net\/index.php?rest_route=%2Fwp%2Fv2%2Fcomments&post=277"}],"wp:featuredmedia":[{"embeddable":true,"href":"http:\/\/zwetschgamo.bplaced.net\/index.php?rest_route=\/wp\/v2\/media\/129"}],"wp:attachment":[{"href":"http:\/\/zwetschgamo.bplaced.net\/index.php?rest_route=%2Fwp%2Fv2%2Fmedia&parent=277"}],"curies":[{"name":"wp","href":"https:\/\/api.w.org\/{rel}","templated":true}]}}