{"id":310,"date":"2020-11-24T09:12:53","date_gmt":"2020-11-24T08:12:53","guid":{"rendered":"http:\/\/zwetschgamo.bplaced.net\/wordpress-5.5.1-de_DE\/wordpress\/?post_type=product&#038;p=310"},"modified":"2026-01-19T19:34:57","modified_gmt":"2026-01-19T18:34:57","slug":"maennla-klein","status":"publish","type":"product","link":"http:\/\/zwetschgamo.bplaced.net\/?product=maennla-klein","title":{"rendered":"M\u00e4nnla klein"},"content":{"rendered":"","protected":false},"excerpt":{"rendered":"<p>Original N\u00fcrnbergerzwetschgenm\u00e4nnla<\/p>\n","protected":false},"featured_media":177,"comment_status":"open","ping_status":"closed","template":"","meta":[],"_links":{"self":[{"href":"http:\/\/zwetschgamo.bplaced.net\/index.php?rest_route=\/wp\/v2\/product\/310"}],"collection":[{"href":"http:\/\/zwetschgamo.bplaced.net\/index.php?rest_route=\/wp\/v2\/product"}],"about":[{"href":"http:\/\/zwetschgamo.bplaced.net\/index.php?rest_route=\/wp\/v2\/types\/product"}],"replies":[{"embeddable":true,"href":"http:\/\/zwetschgamo.bplaced.net\/index.php?rest_route=%2Fwp%2Fv2%2Fcomments&post=310"}],"wp:featuredmedia":[{"embeddable":true,"href":"http:\/\/zwetschgamo.bplaced.net\/index.php?rest_route=\/wp\/v2\/media\/177"}],"wp:attachment":[{"href":"http:\/\/zwetschgamo.bplaced.net\/index.php?rest_route=%2Fwp%2Fv2%2Fmedia&parent=310"}],"curies":[{"name":"wp","href":"https:\/\/api.w.org\/{rel}","templated":true}]}}