{"id":311,"date":"2020-11-24T09:14:35","date_gmt":"2020-11-24T08:14:35","guid":{"rendered":"http:\/\/zwetschgamo.bplaced.net\/wordpress-5.5.1-de_DE\/wordpress\/?post_type=product&#038;p=311"},"modified":"2026-01-19T19:52:58","modified_gmt":"2026-01-19T18:52:58","slug":"maennla-gross","status":"publish","type":"product","link":"http:\/\/zwetschgamo.bplaced.net\/?product=maennla-gross","title":{"rendered":"M\u00e4nnla gro\u00df"},"content":{"rendered":"","protected":false},"excerpt":{"rendered":"<p>M\u00e4nnla gro\u00df mit Kleidung<\/p>\n","protected":false},"featured_media":176,"comment_status":"open","ping_status":"closed","template":"","meta":[],"_links":{"self":[{"href":"http:\/\/zwetschgamo.bplaced.net\/index.php?rest_route=\/wp\/v2\/product\/311"}],"collection":[{"href":"http:\/\/zwetschgamo.bplaced.net\/index.php?rest_route=\/wp\/v2\/product"}],"about":[{"href":"http:\/\/zwetschgamo.bplaced.net\/index.php?rest_route=\/wp\/v2\/types\/product"}],"replies":[{"embeddable":true,"href":"http:\/\/zwetschgamo.bplaced.net\/index.php?rest_route=%2Fwp%2Fv2%2Fcomments&post=311"}],"wp:featuredmedia":[{"embeddable":true,"href":"http:\/\/zwetschgamo.bplaced.net\/index.php?rest_route=\/wp\/v2\/media\/176"}],"wp:attachment":[{"href":"http:\/\/zwetschgamo.bplaced.net\/index.php?rest_route=%2Fwp%2Fv2%2Fmedia&parent=311"}],"curies":[{"name":"wp","href":"https:\/\/api.w.org\/{rel}","templated":true}]}}